{"id":82,"date":"2014-03-06T13:59:56","date_gmt":"2014-03-06T13:59:56","guid":{"rendered":"http:\/\/demo.deliciousthemes.com\/patti\/?page_id=82"},"modified":"2017-07-06T16:54:55","modified_gmt":"2017-07-06T16:54:55","slug":"homepage","status":"publish","type":"page","link":"https:\/\/grupoclacecar.com\/","title":{"rendered":"Homepage"},"content":{"rendered":"<div   class=\"   wpb_row vc_row-fluid no-margin  fullwidth\"  style=\"\"  data-token=\"qMYhE\"><div class=\"lighter-overlay\" style=\" background-color: rgba(255,255,255, 0.70);\">\n\t<div class=\"vc_col-sm-12 wpb_column vc_column_container\">\n\t\t<div class=\"wpb_wrapper\">\n\t\t\t<div class=\"wpb_revslider_element wpb_content_element\"><script type='text\/javascript' src='https:\/\/grupoclacecar.com\/wp-content\/plugins\/revslider\/rs-plugin\/js\/jquery.themepunch.tools.min.js?rev=4.6.92'><\/script><script type='text\/javascript' src='https:\/\/grupoclacecar.com\/wp-content\/plugins\/revslider\/rs-plugin\/js\/jquery.themepunch.revolution.min.js?rev=4.6.92'><\/script><div id=\"rev_slider_1_1_wrapper\" class=\"rev_slider_wrapper fullscreen-container\" style=\"background-color:#ffffff;padding:0px;\"><!-- START REVOLUTION SLIDER 4.6.92 fullscreen mode -->\t<div id=\"rev_slider_1_1\" class=\"rev_slider fullscreenbanner\" style=\"display:none;\"><ul>\t<!-- SLIDE  -->\t<li data-transition=\"slidedown\" data-slotamount=\"7\" data-masterspeed=\"300\"  data-saveperformance=\"off\" >\t\t<!-- MAIN IMAGE -->\t\t<img src=\"https:\/\/grupoclacecar.com\/wp-content\/uploads\/revslider\/fullscreen-image-slider\/grama-sintetica-para-jardim12.jpg\"  alt=\"grama-sintetica-para-jardim12\"  data-bgposition=\"center center\" data-bgfit=\"100% 100%\" data-bgrepeat=\"no-repeat\">\t\t<!-- LAYERS -->\t\t<!-- LAYER NR. 1 -->\t\t<div class=\"tp-caption black tp-fade tp-resizeme\" \t\t\t data-x=\"205\" \t\t\t data-y=\"225\"  \t\t\tdata-speed=\"300\" \t\t\tdata-start=\"500\" \t\t\tdata-easing=\"Power3.easeInOut\" \t\t\tdata-splitin=\"none\" \t\t\tdata-splitout=\"none\" \t\t\tdata-elementdelay=\"0.1\" \t\t\tdata-endelementdelay=\"0.1\" \t\t\t data-endspeed=\"300\" \t\t\tstyle=\"z-index: 5; max-width: auto; max-height: auto; white-space: nowrap;\"><h1>Grama sint\u00e9tica para sua resid\u00eancia<\/h1><div class='fancy-caption' style='width: 365px'><div class='fancy-slider-info'>Desde 2005<\/div><div class='fancy-slider-caption'>Qualidade total<\/div><\/div> \t\t<\/div>\t<\/li>\t<!-- SLIDE  -->\t<li data-transition=\"slidedown\" data-slotamount=\"7\" data-masterspeed=\"300\"  data-saveperformance=\"off\" >\t\t<!-- MAIN IMAGE -->\t\t<img src=\"https:\/\/grupoclacecar.com\/wp-content\/uploads\/2016\/07\/seg.jpg\"  alt=\"seg\"  data-bgposition=\"center center\" data-bgfit=\"100% 100%\" data-bgrepeat=\"no-repeat\">\t\t<!-- LAYERS -->\t\t<!-- LAYER NR. 1 -->\t\t<div class=\"tp-caption black tp-fade tp-resizeme\" \t\t\t data-x=\"383\" \t\t\t data-y=\"180\"  \t\t\tdata-speed=\"300\" \t\t\tdata-start=\"500\" \t\t\tdata-easing=\"Power3.easeInOut\" \t\t\tdata-splitin=\"none\" \t\t\tdata-splitout=\"none\" \t\t\tdata-elementdelay=\"0.1\" \t\t\tdata-endelementdelay=\"0.1\" \t\t\t data-endspeed=\"300\" \t\t\tstyle=\"z-index: 5; max-width: auto; max-height: auto; white-space: nowrap;\"><h1>Alarmes, Cercas e CFTV<\/h1><div class='fancy-caption' style='width: 365px'><div class='fancy-slider-info'>Desde 2005<\/div><div class='fancy-slider-caption'>Seguran\u00e7a total<\/div><\/div> \t\t<\/div>\t<\/li>\t<!-- SLIDE  -->\t<li data-transition=\"slidedown\" data-slotamount=\"7\" data-masterspeed=\"300\"  data-saveperformance=\"off\" >\t\t<!-- MAIN IMAGE -->\t\t<img src=\"https:\/\/grupoclacecar.com\/wp-content\/uploads\/revslider\/fullscreen-image-slider\/campo-grama.jpg\"  alt=\"campo-grama\"  data-bgposition=\"center center\" data-kenburns=\"on\" data-duration=\"9000\" data-ease=\"Linear.easeNone\" data-bgfit=\"100\" data-bgfitend=\"100\" data-bgpositionend=\"center top\">\t\t<!-- LAYERS -->\t\t<!-- LAYER NR. 1 -->\t\t<div class=\"tp-caption black tp-fade tp-resizeme\" \t\t\t data-x=\"288\" \t\t\t data-y=\"240\"  \t\t\tdata-speed=\"300\" \t\t\tdata-start=\"500\" \t\t\tdata-easing=\"Power3.easeInOut\" \t\t\tdata-splitin=\"none\" \t\t\tdata-splitout=\"none\" \t\t\tdata-elementdelay=\"0.1\" \t\t\tdata-endelementdelay=\"0.1\" \t\t\t data-endspeed=\"300\" \t\t\tstyle=\"z-index: 5; max-width: auto; max-height: auto; white-space: nowrap;\"><h1>Grama sint\u00e9tica para campos<\/h1><div class='fancy-caption' style='width: 365px'><div class='fancy-slider-info'>Desde 2005<\/div><div class='fancy-slider-caption'>Qualidade total<\/div><\/div> \t\t<\/div>\t<\/li><\/ul><div class=\"tp-bannertimer tp-bottom\"><\/div>\t<\/div>\t\t\t\t\t\t<style scoped>.tp-caption.black,.black{color:#000;text-shadow:none}<\/style>\t\t\t<script type=\"text\/javascript\">\t\t\t\t\/******************************************\t\t\t\t\t-\tPREPARE PLACEHOLDER FOR SLIDER\t-\t\t\t\t******************************************\/\t\t\t\t\t\t\t\tvar setREVStartSize = function() {\t\t\t\t\tvar\ttpopt = new Object();\t\t\t\t\t\ttpopt.startwidth = 1300;\t\t\t\t\t\ttpopt.startheight = 400;\t\t\t\t\t\ttpopt.container = jQuery('#rev_slider_1_1');\t\t\t\t\t\ttpopt.fullScreen = \"on\";\t\t\t\t\t\ttpopt.forceFullWidth=\"on\";\t\t\t\t\ttpopt.container.closest(\".rev_slider_wrapper\").css({height:tpopt.container.height()});tpopt.width=parseInt(tpopt.container.width(),0);tpopt.height=parseInt(tpopt.container.height(),0);tpopt.bw=tpopt.width\/tpopt.startwidth;tpopt.bh=tpopt.height\/tpopt.startheight;if(tpopt.bh>tpopt.bw)tpopt.bh=tpopt.bw;if(tpopt.bh<tpopt.bw)tpopt.bw=tpopt.bh;if(tpopt.bw<tpopt.bh)tpopt.bh=tpopt.bw;if(tpopt.bh>1){tpopt.bw=1;tpopt.bh=1}if(tpopt.bw>1){tpopt.bw=1;tpopt.bh=1}tpopt.height=Math.round(tpopt.startheight*(tpopt.width\/tpopt.startwidth));if(tpopt.height>tpopt.startheight&&tpopt.autoHeight!=\"on\")tpopt.height=tpopt.startheight;if(tpopt.fullScreen==\"on\"){tpopt.height=tpopt.bw*tpopt.startheight;var cow=tpopt.container.parent().width();var coh=jQuery(window).height();if(tpopt.fullScreenOffsetContainer!=undefined){try{var offcontainers=tpopt.fullScreenOffsetContainer.split(\",\");jQuery.each(offcontainers,function(e,t){coh=coh-jQuery(t).outerHeight(true);if(coh<tpopt.minFullScreenHeight)coh=tpopt.minFullScreenHeight})}catch(e){}}tpopt.container.parent().height(coh);tpopt.container.height(coh);tpopt.container.closest(\".rev_slider_wrapper\").height(coh);tpopt.container.closest(\".forcefullwidth_wrapper_tp_banner\").find(\".tp-fullwidth-forcer\").height(coh);tpopt.container.css({height:\"100%\"});tpopt.height=coh;}else{tpopt.container.height(tpopt.height);tpopt.container.closest(\".rev_slider_wrapper\").height(tpopt.height);tpopt.container.closest(\".forcefullwidth_wrapper_tp_banner\").find(\".tp-fullwidth-forcer\").height(tpopt.height);}\t\t\t\t};\t\t\t\t\/* CALL PLACEHOLDER *\/\t\t\t\tsetREVStartSize();\t\t\t\tvar tpj=jQuery;\t\t\t\ttpj.noConflict();\t\t\t\tvar revapi1;\t\t\t\ttpj(document).ready(function() {\t\t\t\tif(tpj('#rev_slider_1_1').revolution == undefined){\t\t\t\t\trevslider_showDoubleJqueryError('#rev_slider_1_1');\t\t\t\t}else{\t\t\t\t   revapi1 = tpj('#rev_slider_1_1').show().revolution(\t\t\t\t\t{\t\t\t\t\t\t\t\t\t\t\t\t\tdottedOverlay:\"none\",\t\t\t\t\t\tdelay:3500,\t\t\t\t\t\tstartwidth:1300,\t\t\t\t\t\tstartheight:400,\t\t\t\t\t\thideThumbs:10,\t\t\t\t\t\tthumbWidth:100,\t\t\t\t\t\tthumbHeight:50,\t\t\t\t\t\tthumbAmount:3,\t\t\t\t\t\t\t\t\t\t\t\t\t\t\t\t\t\t\t\t\t\t\t\tsimplifyAll:\"off\",\t\t\t\t\t\tnavigationType:\"bullet\",\t\t\t\t\t\tnavigationArrows:\"solo\",\t\t\t\t\t\tnavigationStyle:\"round\",\t\t\t\t\t\ttouchenabled:\"on\",\t\t\t\t\t\tonHoverStop:\"on\",\t\t\t\t\t\tnextSlideOnWindowFocus:\"off\",\t\t\t\t\t\tswipe_threshold: 0.7,\t\t\t\t\t\tswipe_min_touches: 1,\t\t\t\t\t\tdrag_block_vertical: false,\t\t\t\t\t\t\t\t\t\t\t\t\t\t\t\t\t\t\t\t\t\t\t\t\t\t\t\t\t\t\t\t\t\t\t\tkeyboardNavigation:\"off\",\t\t\t\t\t\tnavigationHAlign:\"center\",\t\t\t\t\t\tnavigationVAlign:\"bottom\",\t\t\t\t\t\tnavigationHOffset:0,\t\t\t\t\t\tnavigationVOffset:20,\t\t\t\t\t\tsoloArrowLeftHalign:\"left\",\t\t\t\t\t\tsoloArrowLeftValign:\"center\",\t\t\t\t\t\tsoloArrowLeftHOffset:20,\t\t\t\t\t\tsoloArrowLeftVOffset:0,\t\t\t\t\t\tsoloArrowRightHalign:\"right\",\t\t\t\t\t\tsoloArrowRightValign:\"center\",\t\t\t\t\t\tsoloArrowRightHOffset:20,\t\t\t\t\t\tsoloArrowRightVOffset:0,\t\t\t\t\t\tshadow:1,\t\t\t\t\t\tfullWidth:\"off\",\t\t\t\t\t\tfullScreen:\"on\",\t\t\t\t\t\t\t\t\t\t\t\tspinner:\"spinner2\",\t\t\t\t\t\t\t\t\t\t\t\t\t\t\t\t\t\tstopLoop:\"off\",\t\t\t\t\t\tstopAfterLoops:-1,\t\t\t\t\t\tstopAtSlide:-1,\t\t\t\t\t\tshuffle:\"off\",\t\t\t\t\t\t\t\t\t\t\t\tforceFullWidth:\"on\",\t\t\t\t\t\tfullScreenAlignForce:\"on\",\t\t\t\t\t\tminFullScreenHeight:\"400\",\t\t\t\t\t\t\t\t\t\t\t\thideThumbsOnMobile:\"off\",\t\t\t\t\t\thideNavDelayOnMobile:1500,\t\t\t\t\t\thideBulletsOnMobile:\"off\",\t\t\t\t\t\thideArrowsOnMobile:\"off\",\t\t\t\t\t\thideThumbsUnderResolution:0,\t\t\t\t\t\t\t\t\t\t\t\tfullScreenOffsetContainer: \".menu-fixer\",\t\t\t\t\t\tfullScreenOffset: \"\",\t\t\t\t\t\t\t\t\t\t\t\thideSliderAtLimit:0,\t\t\t\t\t\thideCaptionAtLimit:0,\t\t\t\t\t\thideAllCaptionAtLilmit:0,\t\t\t\t\t\tstartWithSlide:0\t\t\t\t\t});\t\t\t\t\t\t\t\t\t}\t\t\t\t});\t\/*ready*\/\t\t\t<\/script>\t\t\t<style type=\"text\/css\">\t#rev_slider_1_1_wrapper .tp-loader.spinner2{ background-color: #ffffff !important; }<\/style><\/div><!-- END REVOLUTION SLIDER --><\/div>\n\n\t\t<\/div> \n\t<\/div> \n<div class=\"clear\"><\/div><\/div><\/div><div id=\"about\"  class=\"lazy  parallax-bag-zrm wpb_row vc_row-fluid no-margin  fullwidth\" data-original=\"https:\/\/grupoclacecar.com\/wp-content\/uploads\/2014\/03\/quem-somos.png\" style=\"background-image: url(https:\/\/grupoclacecar.com\/wp-content\/themes\/serviconTheme\/images\/grey.gif);background-repeat: repeat-y;background-attachment: fixed;background-position: 50% 0;\"  data-token=\"oMb8J\"><div class=\"lighter-overlay\" style=\"padding-top: 100px;padding-bottom: 100px; background-color: rgba(250,250,250, 0.50);\">\n\t<div class=\"vc_col-sm-12 wpb_column vc_column_container\">\n\t\t<div class=\"wpb_wrapper\">\n\t\t\t<div   class=\"   wpb_row vc_row-fluid   \"  style=\"\"  data-token=\"fp3Vh\">\n\t<div class=\"vc_col-sm-12 wpb_column vc_column_container\">\n\t\t<div class=\"wpb_wrapper\">\n\t\t\t\n\t<div class=\"wpb_text_column wpb_content_element  vc_custom_1467593229508\">\n\t\t<div class=\"wpb_wrapper\">\n\t\t\t<div style=\"text-align: center;\">\n<h2 style=\"text-align: center;\"><strong><span style=\"color: #000000;\">QUEM SOMOS<\/span><\/strong><\/h2>\n<h4 style=\"text-align: left;\"><strong><span style=\"color: #000000;\">O GRUPO CLACECAR,\u00a0disp\u00f5e\u00a0de profissionais altamente qualificados,\u00a0com mais de\u00a012\u00a0anos de experi\u00eancia.<\/span><\/strong><\/h4>\n<h4 style=\"text-align: left;\"><strong><span style=\"color: #000000;\">Ouvimos os nossos clientes e trabalhamos com eles para atender as suas necessidades atrav\u00e9s de solu\u00e7\u00f5es inovadoras com o melhor custo benef\u00edcio.<\/span><\/strong><\/h4>\n<h3 style=\"color: #333333; font-family: Georgia, 'Times New Roman', 'Bitstream Charter', Times, serif; text-align: left;\"><strong><span style=\"color: #800000;\">Principais Servi\u00e7os:<\/span><\/strong><\/h3>\n<table style=\"width: 100%;\" border=\"2\" cellspacing=\"1\" cellpadding=\"1\" align=\"left\">\n<tbody>\n<tr>\n<td>\n<div style=\"text-align: left;\"><span style=\"font-size: 18px;\"><span style=\"font-family: lucida sans unicode,lucida grande,sans-serif;\"><strong>SEGURAN\u00c7A ELETR\u00d4NICA\u00a0<\/strong><\/span><\/span><\/div>\n<div style=\"text-align: left;\"><span style=\"font-family: lucida sans unicode,lucida grande,sans-serif;\">&#8211; ALARMES MONITORADOS.<\/span><\/div>\n<div style=\"text-align: left;\"><span style=\"font-family: lucida sans unicode,lucida grande,sans-serif;\">&#8211; CFTV.<\/span><\/div>\n<div style=\"text-align: left;\"><span style=\"font-family: lucida sans unicode,lucida grande,sans-serif;\">&#8211; INTERFONIA<\/span><\/div>\n<div style=\"text-align: left;\"><span style=\"font-family: lucida sans unicode,lucida grande,sans-serif;\">&#8211; CERCAS EL\u00c9TRICAS.<\/span><\/div>\n<div style=\"text-align: left;\"><span style=\"font-family: lucida sans unicode,lucida grande,sans-serif;\">&#8211; PROJETOS DE SEGURAN\u00c7A<\/span><\/div>\n<\/td>\n<td>\n<div style=\"text-align: left;\"><strong><span style=\"font-size: 18px; text-align: left;\"><span style=\"font-family: lucida sans unicode,lucida grande,sans-serif;\">GRAMA SINT\u00c9TICA<\/span><\/span><\/strong><\/div>\n<div style=\"text-align: left;\"><span style=\"font-family: lucida sans unicode,lucida grande,sans-serif;\">&#8211; CONSTRU\u00c7\u00c3O E REFORMAS DE QUADRAS<\/span><\/div>\n<div style=\"text-align: left;\"><span style=\"font-family: lucida sans unicode,lucida grande,sans-serif;\">&#8211; GRAMAS \u00a0ESPORTIVAS.<\/span><\/div>\n<div style=\"text-align: left;\"><span style=\"font-family: lucida sans unicode,lucida grande,sans-serif;\">&#8211; GRAMAS \u00a0DECORATIVAS.<\/span><\/div>\n<div style=\"text-align: left;\"><span style=\"font-family: lucida sans unicode,lucida grande,sans-serif;\">&#8211; ESTRUTURAS MET\u00c1LICAS E \u00a0ILUMINA\u00c7\u00c3O\u00a0<\/span><\/div>\n<div style=\"text-align: left;\"><span style=\"font-family: lucida sans unicode,lucida grande,sans-serif;\">&#8211; PROJETOS DE COMPLEXOS ESPORTIVOS.<\/span><\/div>\n<\/td>\n<\/tr>\n<\/tbody>\n<\/table>\n<h4 style=\"color: #333333; font-family: Georgia, 'Times New Roman', 'Bitstream Charter', Times, serif; font-size: 16px; line-height: 24px;\"><\/h4>\n<h4 style=\"color: #333333; font-family: Georgia, 'Times New Roman', 'Bitstream Charter', Times, serif; font-size: 16px; line-height: 24px;\"><\/h4>\n<h4 style=\"color: #333333; font-family: Georgia, 'Times New Roman', 'Bitstream Charter', Times, serif; font-size: 16px; line-height: 24px;\"><span style=\"font-size: 22px;\"><span style=\"color: #000080;\"><a href=\"#contact\">Entre em contato<\/a> agora mesmo e solicite seu or\u00e7amento.<\/span><\/span><\/h4>\n<h4 style=\"text-align: center;\"><\/h4>\n<\/div>\n\n\t\t<\/div> \n\t<\/div> \n\t\t<\/div> \n\t<\/div> \n<\/div>\n\t\t<\/div> \n\t<\/div> \n<div class=\"clear\"><\/div><\/div><\/div><div id=\"orcamento\"  class=\"lazy  parallax-bag-moy wpb_row vc_row-fluid   fullwidth\" data-original=\"https:\/\/grupoclacecar.com\/wp-content\/uploads\/2014\/03\/OR\u00c7AM1.png\" style=\"background-image: url(https:\/\/grupoclacecar.com\/wp-content\/themes\/serviconTheme\/images\/grey.gif);background-repeat: repeat-y;background-attachment: fixed;background-position: 50% 0;\"  data-token=\"u7r8Y\"><div class=\"lighter-overlay\" style=\" background-color: rgba(, 0.70);\">\n\t<div class=\"vc_col-sm-12 wpb_column vc_column_container\">\n\t\t<div class=\"wpb_wrapper\">\n\t\t\t<div   class=\"   wpb_row vc_row-fluid   \"  style=\"\"  data-token=\"U83VR\">\n\t<div class=\"vc_col-sm-12 wpb_column vc_column_container\">\n\t\t<div class=\"wpb_wrapper\">\n\t\t\t<div style=\"clear:both; width:100%; height:60px\"><\/div><div class=\"dt-title-wrapper\"><h1 class=\"section-title\">Or\u00e7amento<\/h1><\/div><h2 class=\"section-tagline\"><strong>Detalhe os produtos que voc\u00ea precisa<\/strong><\/p>\n<p><\/h2><div role=\"form\" class=\"wpcf7\" id=\"wpcf7-f289-o1\" lang=\"pt-BR\" dir=\"ltr\">\n<div class=\"screen-reader-response\"><p role=\"status\" aria-live=\"polite\" aria-atomic=\"true\"><\/p> <ul><\/ul><\/div>\n<form action=\"\/index.php\/wp-json\/wp\/v2\/pages\/82#wpcf7-f289-o1\" method=\"post\" class=\"wpcf7-form init\" novalidate=\"novalidate\" data-status=\"init\">\n<div style=\"display: none;\">\n<input type=\"hidden\" name=\"_wpcf7\" value=\"289\" \/>\n<input type=\"hidden\" name=\"_wpcf7_version\" value=\"5.3.2\" \/>\n<input type=\"hidden\" name=\"_wpcf7_locale\" value=\"pt_BR\" \/>\n<input type=\"hidden\" name=\"_wpcf7_unit_tag\" value=\"wpcf7-f289-o1\" \/>\n<input type=\"hidden\" name=\"_wpcf7_container_post\" value=\"0\" \/>\n<input type=\"hidden\" name=\"_wpcf7_posted_data_hash\" value=\"\" \/>\n<\/div>\n<p><span style=\"color: #000000;\">Seu nome (obrigat\u00f3rio)<br \/>\n    <span class=\"wpcf7-form-control-wrap your-name\"><input type=\"text\" name=\"your-name\" value=\"\" size=\"40\" class=\"wpcf7-form-control wpcf7-text wpcf7-validates-as-required\" aria-required=\"true\" aria-invalid=\"false\" \/><\/span> <\/span><\/p>\n<p><span style=\"color: #000000;\">Seu e-mail (obrigat\u00f3rio)<br \/>\n    <span class=\"wpcf7-form-control-wrap your-email\"><input type=\"email\" name=\"your-email\" value=\"\" size=\"40\" class=\"wpcf7-form-control wpcf7-text wpcf7-email wpcf7-validates-as-required wpcf7-validates-as-email\" aria-required=\"true\" aria-invalid=\"false\" \/><\/span> <\/span><\/p>\n<p><span style=\"color: #000000;\">Quais produtos deseja or\u00e7ar?<br \/>\n<span class=\"wpcf7-form-control-wrap checkbox-346\"><span class=\"wpcf7-form-control wpcf7-checkbox\"><span class=\"wpcf7-list-item first\"><input type=\"checkbox\" name=\"checkbox-346[]\" value=\"SEGURAN\u00c7A ELETR\u00d4NICA\" \/><span class=\"wpcf7-list-item-label\">SEGURAN\u00c7A ELETR\u00d4NICA<\/span><\/span><span class=\"wpcf7-list-item last\"><input type=\"checkbox\" name=\"checkbox-346[]\" value=\"GRAMA SINT\u00c9TICA\" \/><span class=\"wpcf7-list-item-label\">GRAMA SINT\u00c9TICA<\/span><\/span><\/span><\/span> <\/span><\/p>\n<p><\/br><br\/>\n<p><span style=\"color: #000000;\">Detalhes adicionais<br \/>\n    <span class=\"wpcf7-form-control-wrap your-message\"><textarea name=\"your-message\" cols=\"40\" rows=\"10\" class=\"wpcf7-form-control wpcf7-textarea\" aria-invalid=\"false\"><\/textarea><\/span> <\/span><\/p>\n<p><input type=\"submit\" value=\"Enviar\" class=\"wpcf7-form-control wpcf7-submit\" \/><\/p>\n<div class=\"wpcf7-response-output\" aria-hidden=\"true\"><\/div><\/form><\/div>\n\t\t<\/div> \n\t<\/div> \n<\/div>\n\t\t<\/div> \n\t<\/div> \n<div class=\"clear\"><\/div><\/div><\/div><div id=\"depo\"  class=\"lazy  parallax-bag-nhj wpb_row vc_row-fluid no-margin  fullwidth\" data-original=\"https:\/\/grupoclacecar.com\/wp-content\/uploads\/2014\/03\/criancas.bmp\" style=\"background-image: url(https:\/\/grupoclacecar.com\/wp-content\/themes\/serviconTheme\/images\/grey.gif);background-repeat: repeat-y;background-attachment: fixed;background-position: 50% 0;\"  data-token=\"x1vbu\"><div class=\"lighter-overlay\" style=\"padding-top: 100px;padding-bottom: 100px; background-color: rgba(, 1);\">\n\t<div class=\"vc_col-sm-12 wpb_column vc_column_container\">\n\t\t<div class=\"wpb_wrapper\">\n\t\t\t<div   class=\"   wpb_row vc_row-fluid   \"  style=\"\"  data-token=\"Vk9MK\">\n\t<div class=\"vc_col-sm-12 wpb_column vc_column_container\">\n\t\t<div class=\"wpb_wrapper\">\n\t\t\t<div class=\"dt-title-wrapper\"><h1 class=\"section-title\">Depoimentos<\/h1><\/div><h2 class=\"section-tagline\"><strong>Veja o depoimento de alguns dos nossos clientes <\/strong><\/h2><div style=\"clear:both; width:100%; height:30px\"><\/div>\n\t\t<\/div> \n\t<\/div> \n<\/div><div   class=\"   wpb_row vc_row-fluid   \"  style=\"\"  data-token=\"ThBcR\">\n\t<div class=\"vc_col-sm-12 wpb_column vc_column_container\">\n\t\t<div class=\"wpb_wrapper\">\n\t\t\t<div class=\"testimonials-carousel\"><div id=\"owl-testimonials-qpr\" class=\"owl-carousel testimonials-slider\" data-token=\"TuLY0\"><div class=\"testimonial-item\"><p><font color=\"red\">\u201c<i>Temos o GRUPO CLACECAR como parceiros h\u00e1 muitos anos, e estamos satisfeitos com os servi\u00e7os prestados na \u00e1rea de seguran\u00e7a eletr\u00f4nica , com  profissionais qualificados, que nos permite ter maior conforto e seguran\u00e7a em toda nossa rede de sal\u00f5es .<i>\u201d<\/font><\/p><p><span class=\"testimonial-name\">Rede Sal\u00e3o Marly  - Curitiba \u2013 Pr \u2013 Sr. Jaime<\/span><em>,<\/em> <span class=\"testimonial-position\">SEGURAN\u00c7A ELETR\u00d4NICA<\/span><\/p><\/div><div class=\"testimonial-item\"><p><font color=\"red\">\"<i>Quero agradecer ao GRUPO CLACECAR, pelos servi\u00e7os prestados ao nosso projeto com extrema efici\u00eancia e qualidade. Tudo foi muito bem explicado e detalhado, todas as d\u00favidas foram rapidamente respondidas com clareza e compromisso que essa Empresa tem com seus clientes. Os nossos parab\u00e9ns!<\/i>\u201d<\/font><\/p><p><span class=\"testimonial-name\">Centro Esportivo Show de Bola de Marilia \u2013 SP (Sr. Marcos)<\/span><em>,<\/em> <span class=\"testimonial-position\">GRAMA SINT\u00c9TICA<\/span><\/p><\/div><div class=\"testimonial-item\"><p><font color=\"red\">\"<i>Ficamos  satisfeitos  com o atendimento e servi\u00e7os prestados na reforma da quadra esportiva que o GRUPO CLACECAR  executou <\/i>\u201d<\/font><\/p><p><span class=\"testimonial-name\">Condom\u00ednio Rio Tiete \u2013 Curitiba - Pr \u2013 Sra. Rosana<\/span><em>,<\/em> <span class=\"testimonial-position\">GRAMA SINT\u00c9TICA<\/span><\/p><\/div><div class=\"testimonial-item\"><p><font color=\"red\">\u201c<i>Somos clientes, do <strong>GRUPO CLACECAR <\/strong>a 05 anos e estamos muito satisfeitos com o atendimento dedicado. \r\nNossa rela\u00e7\u00e3o comercial e de amizade com a diretoria sempre foi um ponto forte, acompanhei o crescimento da empresa e sempre  a recomendei . Parab\u00e9ns a toda a equipe.<\/i>\u201d<\/font><\/p><p><span class=\"testimonial-name\">Grupo UniCesumar  - Maring\u00e1 - Pr   -Sr. M\u00e1rcio<\/span><em>,<\/em> <span class=\"testimonial-position\">SEGURAN\u00c7A ELETR\u00d4NICA<\/span><\/p><\/div><\/div><\/div>\n\t\t<\/div> \n\t<\/div> \n<\/div>\n\t\t<\/div> \n\t<\/div> \n<div class=\"clear\"><\/div><\/div><\/div><div id=\"contact\"  class=\"lazy  parallax-bag-rhi wpb_row vc_row-fluid no-margin  fullwidth\" data-original=\"https:\/\/grupoclacecar.com\/wp-content\/uploads\/2014\/04\/slide22.jpg\" style=\"background-image: url(https:\/\/grupoclacecar.com\/wp-content\/themes\/serviconTheme\/images\/grey.gif);background-repeat: repeat-y;background-attachment: fixed;background-position: 50% 0;\"  data-token=\"d9nGF\"><div class=\"darker-overlay\" style=\"padding-top: 100px;padding-bottom: 100px; background-color: rgba(0,0,0, 0.70);\">\n\t<div class=\"vc_col-sm-12 wpb_column vc_column_container\">\n\t\t<div class=\"wpb_wrapper\">\n\t\t\t<div   class=\"   wpb_row vc_row-fluid   \"  style=\"\"  data-token=\"my0X8\">\n\t<div class=\"vc_col-sm-12 wpb_column vc_column_container\">\n\t\t<div class=\"wpb_wrapper\">\n\t\t\t<div class=\"dt-title-wrapper\"><h1 class=\"section-title\">SEGURAN\u00c7A E QUALIDADE<\/h1><\/div><h2 class=\"section-tagline\">Entre em contato e veja como \u00e9 f\u00e1cil<\/h2><div style=\"clear:both; width:100%; height:60px\"><\/div>\n\t\t<\/div> \n\t<\/div> \n<\/div><div   class=\"   wpb_row vc_row-fluid   \"  style=\"\"  data-token=\"fnW7Q\">\n\t<div class=\"vc_col-sm-6 wpb_column vc_column_container\">\n\t\t<div class=\"wpb_wrapper\">\n\t\t\t\n\t<div class=\"wpb_text_column wpb_content_element \">\n\t\t<div class=\"wpb_wrapper\">\n\t\t\t<h1>Entre em contato<\/h1>\n<ul class=\"contact-info\">\n<li><i class=\"fa fa-map-marker\"><\/i>Rua At\u00edlio Zaramella, 32\u00a0&#8211; Boa Vista\u00a0&#8211; Curitiba &#8211; Paran\u00e1<\/li>\n<li><i class=\"fa fa-phone\"><\/i>(41)\u00a099684-9688 &#8211; <span style=\"color: #72940d;\"><strong>WHATSAPP <\/strong><\/span>&#8211; (41) 99164-9344<\/li>\n<li><i class=\"fa fa-globe\"><\/i><span style=\"color: #72940d;\"><strong>facebook.com\/gramasinteticacuritiba<\/strong><\/span><\/li>\n<li><i class=\"fa fa-refresh fa-spin\"><\/i>contato@grupoclacecar.com<\/li>\n<li><i class=\"fa fa-globe\"><\/i><a href=\"#\">www.grupoclacecar.com<\/a><\/li>\n<\/ul>\n\n\t\t<\/div> \n\t<\/div> \n\t\t<\/div> \n\t<\/div> \n\n\t<div class=\"vc_col-sm-6 wpb_column vc_column_container\">\n\t\t<div class=\"wpb_wrapper\">\n\t\t\t<div role=\"form\" class=\"wpcf7\" id=\"wpcf7-f325-o2\" lang=\"pt-BR\" dir=\"ltr\">\n<div class=\"screen-reader-response\"><p role=\"status\" aria-live=\"polite\" aria-atomic=\"true\"><\/p> <ul><\/ul><\/div>\n<form action=\"\/index.php\/wp-json\/wp\/v2\/pages\/82#wpcf7-f325-o2\" method=\"post\" class=\"wpcf7-form init\" novalidate=\"novalidate\" data-status=\"init\">\n<div style=\"display: none;\">\n<input type=\"hidden\" name=\"_wpcf7\" value=\"325\" \/>\n<input type=\"hidden\" name=\"_wpcf7_version\" value=\"5.3.2\" \/>\n<input type=\"hidden\" name=\"_wpcf7_locale\" value=\"pt_BR\" \/>\n<input type=\"hidden\" name=\"_wpcf7_unit_tag\" value=\"wpcf7-f325-o2\" \/>\n<input type=\"hidden\" name=\"_wpcf7_container_post\" value=\"0\" \/>\n<input type=\"hidden\" name=\"_wpcf7_posted_data_hash\" value=\"\" \/>\n<\/div>\n<p>Seu nome (obrigat\u00f3rio)<br \/>\n    <span class=\"wpcf7-form-control-wrap your-name\"><input type=\"text\" name=\"your-name\" value=\"\" size=\"40\" class=\"wpcf7-form-control wpcf7-text wpcf7-validates-as-required\" aria-required=\"true\" aria-invalid=\"false\" \/><\/span> <\/p>\n<p>Seu e-mail (obrigat\u00f3rio)<br \/>\n    <span class=\"wpcf7-form-control-wrap your-email\"><input type=\"email\" name=\"your-email\" value=\"\" size=\"40\" class=\"wpcf7-form-control wpcf7-text wpcf7-email wpcf7-validates-as-required wpcf7-validates-as-email\" aria-required=\"true\" aria-invalid=\"false\" \/><\/span> <\/p>\n<p>Assunto<br \/>\n    <span class=\"wpcf7-form-control-wrap your-subject\"><input type=\"text\" name=\"your-subject\" value=\"\" size=\"40\" class=\"wpcf7-form-control wpcf7-text\" aria-invalid=\"false\" \/><\/span> <\/p>\n<p>Sua mensagem<br \/>\n    <span class=\"wpcf7-form-control-wrap your-message\"><textarea name=\"your-message\" cols=\"40\" rows=\"10\" class=\"wpcf7-form-control wpcf7-textarea\" aria-invalid=\"false\"><\/textarea><\/span> <\/p>\n<p><input type=\"submit\" value=\"Enviar\" class=\"wpcf7-form-control wpcf7-submit\" \/><\/p>\n<div class=\"wpcf7-response-output\" aria-hidden=\"true\"><\/div><\/form><\/div>\n\t\t<\/div> \n\t<\/div> \n<\/div>\n\t\t<\/div> \n\t<\/div> \n<div class=\"clear\"><\/div><\/div><\/div><div   class=\"   wpb_row vc_row-fluid no-margin  fullwidth\"  style=\"\"  data-token=\"5B3uJ\"><div class=\"lighter-overlay\" style=\" background-color: rgba(255,255,255, 0.70);\">\n\t<div class=\"vc_col-sm-12 wpb_column vc_column_container\">\n\t\t<div class=\"wpb_wrapper\">\n\t\t\t<div class=\"map-wrapper\" id=\"delicious_map_ags\" data-token=\"tG9i0\"><a class=\"button-map close-map\"><span>Clique aqui para ver no MAPA o endere\u00e7o do GRUPO CLACECAR<\/span><\/a><div id=\"google_map_ags\"><\/div><\/div>\n\t\t<\/div> \n\t<\/div> \n<div class=\"clear\"><\/div><\/div><\/div>\n","protected":false},"excerpt":{"rendered":"","protected":false},"author":1,"featured_media":0,"parent":0,"menu_order":0,"comment_status":"open","ping_status":"open","template":"template-homepage.php","meta":[],"_links":{"self":[{"href":"https:\/\/grupoclacecar.com\/index.php\/wp-json\/wp\/v2\/pages\/82"}],"collection":[{"href":"https:\/\/grupoclacecar.com\/index.php\/wp-json\/wp\/v2\/pages"}],"about":[{"href":"https:\/\/grupoclacecar.com\/index.php\/wp-json\/wp\/v2\/types\/page"}],"author":[{"embeddable":true,"href":"https:\/\/grupoclacecar.com\/index.php\/wp-json\/wp\/v2\/users\/1"}],"replies":[{"embeddable":true,"href":"https:\/\/grupoclacecar.com\/index.php\/wp-json\/wp\/v2\/comments?post=82"}],"version-history":[{"count":24,"href":"https:\/\/grupoclacecar.com\/index.php\/wp-json\/wp\/v2\/pages\/82\/revisions"}],"predecessor-version":[{"id":379,"href":"https:\/\/grupoclacecar.com\/index.php\/wp-json\/wp\/v2\/pages\/82\/revisions\/379"}],"wp:attachment":[{"href":"https:\/\/grupoclacecar.com\/index.php\/wp-json\/wp\/v2\/media?parent=82"}],"curies":[{"name":"wp","href":"https:\/\/api.w.org\/{rel}","templated":true}]}}